{"id":8,"date":"2016-12-20T13:16:00","date_gmt":"2016-12-20T13:16:00","guid":{"rendered":"http:\/\/eko-media.de\/?page_id=8"},"modified":"2016-12-21T12:22:46","modified_gmt":"2016-12-21T12:22:46","slug":"werbetechnik","status":"publish","type":"page","link":"https:\/\/eko-media.de\/?page_id=8","title":{"rendered":"Werbetechnik"},"content":{"rendered":"<h1><strong>Werbe,-Firmenschilder<\/strong><\/h1>\n<p>Diese Schilder stellen ein wichtiges Medium zur Kommunikation zwischen Anbietern und Ihren potenziellen Kunden dar. Sie informieren nicht nur, sonder spiegeln auch auf den ersten Blick die Unternehmensphilosophie wieder. Ein hochwertig gestaltetes Schild kann ma\u00dfgeblich dazu beitragen einen Neukunden das erste Mal in das Unternehmen bzw. in die Praxis zu \u201elocken \u201coder ihn von der Qualit\u00e4t der Firma zu \u00fcberzeugen.<\/p>\n<p>Schild ist nicht gleich Schild. Gerade im Bereich der Werbeschilder hat sich in den letzten Jahren eine Menge getan, vor allem wenn es um die Produktion von Werbeschilder geht. Vor etwa 25 Jahren hat man jedes Schild noch individuell mit einfarbigen Folienplotts beklebt. Durch die Anf\u00e4nge des Digitaldrucks Mitte der 90er Jahre war es auch m\u00f6glich mehrfarbig bedruckte Vinylfolien auf die Werbeschilder zu kaschieren. Das neueste Verfahren des 21. Jahrhunderts ist nun der Digital UV-Direktdruck. Dieses Druckverfahren erm\u00f6glicht es unmittelbar auf allen Schilder-Materialien in Fotoqualit\u00e4t zu drucken. Werbe-Schilder erlebten durch dieses Druckverfahren eine wahre Wandlung was Layout, Farbe und Kreativit\u00e4t betrifft. Schluss mit langweiligen einfarbigen Werbeschildern. Ab sofort ist Werbung mit hochaufl\u00f6senden Bildern auf den Schildern angesagt.<\/p>\n<h1><strong>Leuchtwerbung<\/strong><\/h1>\n<p>Leuchtreklamen bestehen meist aus einem transluzentem Schild, hinter dem eine Lichtquelle (meist Leuchtstofflampen, Leuchtr\u00f6hren, neuerdings auch Leuchtdioden und Leuchtfolien) angebracht ist. Besonders bei gro\u00dffl\u00e4chigen Anlagen oder Profilbuchstaben mit \u00fcberdimensionalen Ausma\u00dfen ist die Ausleuchtung durch herk\u00f6mmliche Leuchtr\u00f6hrenechnik nach wie vor empfehlenswert, da die Leuchtkraft von Leuchtr\u00f6hrenanlagen gegen\u00fcber Standard-LED-L\u00f6sungen h\u00f6her ist. F\u00fcr das abdeckende halbtransparente Material wird Acrylglas verwendet, welches opak in verschiedenen Farben erh\u00e4ltlich ist. Plexiglas ist wetter- und ultraviolett- bzw. tageslichtfest und kann sehr gut mit Lasern zu Konturen geschnitten werden.<\/p>\n","protected":false},"excerpt":{"rendered":"<p>Werbe,-Firmenschilder Diese Schilder stellen ein wichtiges Medium zur Kommunikation zwischen Anbietern und Ihren potenziellen Kunden dar. Sie informieren nicht nur, sonder spiegeln auch auf den ersten Blick die Unternehmensphilosophie wieder. Ein hochwertig gestaltetes Schild kann ma\u00dfgeblich dazu beitragen einen Neukunden das erste Mal in das Unternehmen bzw. in die Praxis zu \u201elocken \u201coder ihn von [&hellip;]<\/p>\n","protected":false},"author":1,"featured_media":0,"parent":0,"menu_order":0,"comment_status":"closed","ping_status":"closed","template":"","meta":{"_et_pb_use_builder":"","_et_pb_old_content":"","_et_gb_content_width":""},"_links":{"self":[{"href":"https:\/\/eko-media.de\/index.php?rest_route=\/wp\/v2\/pages\/8"}],"collection":[{"href":"https:\/\/eko-media.de\/index.php?rest_route=\/wp\/v2\/pages"}],"about":[{"href":"https:\/\/eko-media.de\/index.php?rest_route=\/wp\/v2\/types\/page"}],"author":[{"embeddable":true,"href":"https:\/\/eko-media.de\/index.php?rest_route=\/wp\/v2\/users\/1"}],"replies":[{"embeddable":true,"href":"https:\/\/eko-media.de\/index.php?rest_route=%2Fwp%2Fv2%2Fcomments&post=8"}],"version-history":[{"count":3,"href":"https:\/\/eko-media.de\/index.php?rest_route=\/wp\/v2\/pages\/8\/revisions"}],"predecessor-version":[{"id":231,"href":"https:\/\/eko-media.de\/index.php?rest_route=\/wp\/v2\/pages\/8\/revisions\/231"}],"wp:attachment":[{"href":"https:\/\/eko-media.de\/index.php?rest_route=%2Fwp%2Fv2%2Fmedia&parent=8"}],"curies":[{"name":"wp","href":"https:\/\/api.w.org\/{rel}","templated":true}]}}